{"id":391,"date":"2025-05-02T12:06:35","date_gmt":"2025-05-02T18:06:35","guid":{"rendered":"https:\/\/chocoguate.com\/?post_type=product&#038;p=391"},"modified":"2025-08-30T07:08:19","modified_gmt":"2025-08-30T13:08:19","slug":"chocolate-real-para-reposteria-alta-fluidez-65-cacao-1-libra","status":"publish","type":"product","link":"https:\/\/chocoguate.com\/en\/product\/chocolate-real-para-reposteria-alta-fluidez-65-cacao-1-libra\/","title":{"rendered":"Chocolate Real Para Postres &#8211; Semi Amargo"},"content":{"rendered":"<p>Ingredientes: Cacao, azucar de ca\u00f1a, manteca de cacao, lecitina de soya, vainilla<\/p>\n<p>Para uso en:<\/p>\n<ul>\n<li data-start=\"173\" data-end=\"187\">\n<p data-start=\"175\" data-end=\"187\"><strong data-start=\"175\" data-end=\"187\">Pasteles<\/strong><\/p>\n<\/li>\n<li data-start=\"188\" data-end=\"211\">\n<p data-start=\"190\" data-end=\"211\"><strong data-start=\"190\" data-end=\"211\">Panader\u00eda Cl\u00e1sica<\/strong><\/p>\n<\/li>\n<li data-start=\"212\" data-end=\"228\">\n<p data-start=\"214\" data-end=\"228\"><strong data-start=\"214\" data-end=\"228\">Confiter\u00eda<\/strong><\/p>\n<\/li>\n<li data-start=\"212\" data-end=\"228\"><strong data-start=\"214\" data-end=\"228\">Cobertura<\/strong><\/li>\n<li data-start=\"212\" data-end=\"228\"><strong style=\"font-size: 16px;\" data-start=\"231\" data-end=\"242\">Ganache<\/strong><\/li>\n<li data-start=\"243\" data-end=\"267\">\n<p data-start=\"245\" data-end=\"267\"><strong data-start=\"245\" data-end=\"267\">Postres Congelados<\/strong><\/p>\n<\/li>\n<li data-start=\"288\" data-end=\"311\">\n<p data-start=\"290\" data-end=\"311\"><strong data-start=\"290\" data-end=\"311\">Barras y Tabletas<\/strong><\/p>\n<\/li>\n<li data-start=\"369\" data-end=\"383\">\n<p data-start=\"371\" data-end=\"383\"><strong data-start=\"371\" data-end=\"383\">Brownies<\/strong><\/p>\n<\/li>\n<li data-start=\"384\" data-end=\"399\">\n<p data-start=\"386\" data-end=\"399\"><strong data-start=\"386\" data-end=\"399\">Caramelos<\/strong><\/p>\n<\/li>\n<li data-start=\"400\" data-end=\"434\">\n<p data-start=\"402\" data-end=\"434\"><strong data-start=\"402\" data-end=\"434\">Cheesecake<\/strong><\/p>\n<\/li>\n<\/ul>","protected":false},"excerpt":{"rendered":"<p>Ingredientes: Cacao, azucar de ca\u00f1a, manteca de cacao, lecitina de soya, vainilla Para uso en: Pasteles Panader\u00eda Cl\u00e1sica Confiter\u00eda Cobertura [&hellip;]<\/p>\n","protected":false},"featured_media":647,"template":"","meta":{"_crdt_document":"","site-sidebar-layout":"default","site-content-layout":"","ast-site-content-layout":"default","site-content-style":"default","site-sidebar-style":"default","ast-global-header-display":"","ast-banner-title-visibility":"","ast-main-header-display":"","ast-hfb-above-header-display":"","ast-hfb-below-header-display":"","ast-hfb-mobile-header-display":"","site-post-title":"","ast-breadcrumbs-content":"","ast-featured-img":"","footer-sml-layout":"","theme-transparent-header-meta":"default","adv-header-id-meta":"","stick-header-meta":"","header-above-stick-meta":"","header-main-stick-meta":"","header-below-stick-meta":"","astra-migrate-meta-layouts":"set","ast-page-background-enabled":"default","ast-page-background-meta":{"desktop":{"background-color":"var(--ast-global-color-5)","background-image":"","background-repeat":"repeat","background-position":"center center","background-size":"auto","background-attachment":"scroll","background-type":"","background-media":"","overlay-type":"","overlay-color":"","overlay-opacity":"","overlay-gradient":""},"tablet":{"background-color":"","background-image":"","background-repeat":"repeat","background-position":"center center","background-size":"auto","background-attachment":"scroll","background-type":"","background-media":"","overlay-type":"","overlay-color":"","overlay-opacity":"","overlay-gradient":""},"mobile":{"background-color":"","background-image":"","background-repeat":"repeat","background-position":"center center","background-size":"auto","background-attachment":"scroll","background-type":"","background-media":"","overlay-type":"","overlay-color":"","overlay-opacity":"","overlay-gradient":""}},"ast-content-background-meta":{"desktop":{"background-color":"var(--ast-global-color-4)","background-image":"","background-repeat":"repeat","background-position":"center center","background-size":"auto","background-attachment":"scroll","background-type":"","background-media":"","overlay-type":"","overlay-color":"","overlay-opacity":"","overlay-gradient":""},"tablet":{"background-color":"var(--ast-global-color-4)","background-image":"","background-repeat":"repeat","background-position":"center center","background-size":"auto","background-attachment":"scroll","background-type":"","background-media":"","overlay-type":"","overlay-color":"","overlay-opacity":"","overlay-gradient":""},"mobile":{"background-color":"var(--ast-global-color-4)","background-image":"","background-repeat":"repeat","background-position":"center center","background-size":"auto","background-attachment":"scroll","background-type":"","background-media":"","overlay-type":"","overlay-color":"","overlay-opacity":"","overlay-gradient":""}},"jetpack_publicize_message":"","jetpack_publicize_feature_enabled":true,"jetpack_social_post_already_shared":true,"jetpack_social_options":{"image_generator_settings":{"template":"highway","default_image_id":0,"font":"","enabled":false},"version":2},"_wpas_customize_per_network":false},"product_brand":[],"product_cat":[1381],"product_tag":[],"class_list":{"0":"post-391","1":"product","2":"type-product","3":"status-publish","4":"has-post-thumbnail","6":"product_cat-tienda","7":"desktop-align-center","8":"tablet-align-left","9":"mobile-align-left","11":"first","12":"instock","13":"taxable","14":"shipping-taxable","15":"purchasable","16":"product-type-variable"},"yoast_head":"<!-- This site is optimized with the Yoast SEO plugin v27.4 - https:\/\/yoast.com\/product\/yoast-seo-wordpress\/ -->\n<title>Chocolate Real Para Postres - Semi Amargo -<\/title>\n<meta name=\"robots\" content=\"index, follow, max-snippet:-1, max-image-preview:large, max-video-preview:-1\" \/>\n<link rel=\"canonical\" href=\"https:\/\/chocoguate.com\/en\/product\/chocolate-real-para-reposteria-alta-fluidez-65-cacao-1-libra\/\" \/>\n<meta property=\"og:locale\" content=\"en_US\" \/>\n<meta property=\"og:type\" content=\"article\" \/>\n<meta property=\"og:title\" content=\"Chocolate Real Para Postres - Semi Amargo -\" \/>\n<meta property=\"og:description\" content=\"Ingredientes: Cacao, azucar de ca\u00f1a, manteca de cacao, lecitina de soya, vainilla Para uso en: Pasteles Panader\u00eda Cl\u00e1sica Confiter\u00eda Cobertura [&hellip;]\" \/>\n<meta property=\"og:url\" content=\"https:\/\/chocoguate.com\/en\/product\/chocolate-real-para-reposteria-alta-fluidez-65-cacao-1-libra\/\" \/>\n<meta property=\"article:modified_time\" content=\"2025-08-30T13:08:19+00:00\" \/>\n<meta property=\"og:image\" content=\"https:\/\/chocoguate.com\/wp-content\/uploads\/2025\/05\/20250618_100240-rotated-e1750280630396.jpg\" \/>\n\t<meta property=\"og:image:width\" content=\"2533\" \/>\n\t<meta property=\"og:image:height\" content=\"2847\" \/>\n\t<meta property=\"og:image:type\" content=\"image\/jpeg\" \/>\n<meta name=\"twitter:card\" content=\"summary_large_image\" \/>\n<meta name=\"twitter:label1\" content=\"Est. reading time\" \/>\n\t<meta name=\"twitter:data1\" content=\"1 minute\" \/>\n<script type=\"application\/ld+json\" class=\"yoast-schema-graph\">{\"@context\":\"https:\\\/\\\/schema.org\",\"@graph\":[{\"@type\":\"WebPage\",\"@id\":\"https:\\\/\\\/chocoguate.com\\\/producto\\\/chocolate-real-para-reposteria-alta-fluidez-65-cacao-1-libra\\\/\",\"url\":\"https:\\\/\\\/chocoguate.com\\\/producto\\\/chocolate-real-para-reposteria-alta-fluidez-65-cacao-1-libra\\\/\",\"name\":\"Chocolate Real Para Postres - Semi Amargo -\",\"isPartOf\":{\"@id\":\"https:\\\/\\\/chocoguate.com\\\/#website\"},\"primaryImageOfPage\":{\"@id\":\"https:\\\/\\\/chocoguate.com\\\/producto\\\/chocolate-real-para-reposteria-alta-fluidez-65-cacao-1-libra\\\/#primaryimage\"},\"image\":{\"@id\":\"https:\\\/\\\/chocoguate.com\\\/producto\\\/chocolate-real-para-reposteria-alta-fluidez-65-cacao-1-libra\\\/#primaryimage\"},\"thumbnailUrl\":\"https:\\\/\\\/i0.wp.com\\\/chocoguate.com\\\/wp-content\\\/uploads\\\/2025\\\/05\\\/20250618_100240-rotated-e1750280630396.jpg?fit=2533%2C2847&ssl=1\",\"datePublished\":\"2025-05-02T18:06:35+00:00\",\"dateModified\":\"2025-08-30T13:08:19+00:00\",\"breadcrumb\":{\"@id\":\"https:\\\/\\\/chocoguate.com\\\/producto\\\/chocolate-real-para-reposteria-alta-fluidez-65-cacao-1-libra\\\/#breadcrumb\"},\"inLanguage\":\"en-US\",\"potentialAction\":[{\"@type\":\"ReadAction\",\"target\":[\"https:\\\/\\\/chocoguate.com\\\/producto\\\/chocolate-real-para-reposteria-alta-fluidez-65-cacao-1-libra\\\/\"]}]},{\"@type\":\"ImageObject\",\"inLanguage\":\"en-US\",\"@id\":\"https:\\\/\\\/chocoguate.com\\\/producto\\\/chocolate-real-para-reposteria-alta-fluidez-65-cacao-1-libra\\\/#primaryimage\",\"url\":\"https:\\\/\\\/i0.wp.com\\\/chocoguate.com\\\/wp-content\\\/uploads\\\/2025\\\/05\\\/20250618_100240-rotated-e1750280630396.jpg?fit=2533%2C2847&ssl=1\",\"contentUrl\":\"https:\\\/\\\/i0.wp.com\\\/chocoguate.com\\\/wp-content\\\/uploads\\\/2025\\\/05\\\/20250618_100240-rotated-e1750280630396.jpg?fit=2533%2C2847&ssl=1\",\"width\":2533,\"height\":2847},{\"@type\":\"BreadcrumbList\",\"@id\":\"https:\\\/\\\/chocoguate.com\\\/producto\\\/chocolate-real-para-reposteria-alta-fluidez-65-cacao-1-libra\\\/#breadcrumb\",\"itemListElement\":[{\"@type\":\"ListItem\",\"position\":1,\"name\":\"Portada\",\"item\":\"https:\\\/\\\/chocoguate.com\\\/\"},{\"@type\":\"ListItem\",\"position\":2,\"name\":\"Tienda\",\"item\":\"https:\\\/\\\/chocoguate.com\\\/tienda\\\/\"},{\"@type\":\"ListItem\",\"position\":3,\"name\":\"Chocolate Real Para Postres &#8211; Semi Amargo\"}]},{\"@type\":\"WebSite\",\"@id\":\"https:\\\/\\\/chocoguate.com\\\/#website\",\"url\":\"https:\\\/\\\/chocoguate.com\\\/\",\"name\":\"ChocoGuate\",\"description\":\"ChocoGuate\",\"publisher\":{\"@id\":\"https:\\\/\\\/chocoguate.com\\\/#organization\"},\"alternateName\":\"ChocoGuate\",\"potentialAction\":[{\"@type\":\"SearchAction\",\"target\":{\"@type\":\"EntryPoint\",\"urlTemplate\":\"https:\\\/\\\/chocoguate.com\\\/?s={search_term_string}\"},\"query-input\":{\"@type\":\"PropertyValueSpecification\",\"valueRequired\":true,\"valueName\":\"search_term_string\"}}],\"inLanguage\":\"en-US\"},{\"@type\":\"Organization\",\"@id\":\"https:\\\/\\\/chocoguate.com\\\/#organization\",\"name\":\"ChocoGuate\",\"url\":\"https:\\\/\\\/chocoguate.com\\\/\",\"logo\":{\"@type\":\"ImageObject\",\"inLanguage\":\"en-US\",\"@id\":\"https:\\\/\\\/chocoguate.com\\\/#\\\/schema\\\/logo\\\/image\\\/\",\"url\":\"https:\\\/\\\/chocoguate.com\\\/wp-content\\\/uploads\\\/2023\\\/07\\\/logo-chocoguate-2.jpg\",\"contentUrl\":\"https:\\\/\\\/chocoguate.com\\\/wp-content\\\/uploads\\\/2023\\\/07\\\/logo-chocoguate-2.jpg\",\"width\":1713,\"height\":1535,\"caption\":\"ChocoGuate\"},\"image\":{\"@id\":\"https:\\\/\\\/chocoguate.com\\\/#\\\/schema\\\/logo\\\/image\\\/\"},\"sameAs\":[\"https:\\\/\\\/www.instagram.com\\\/chocoguate.gt\\\/\"]}]}<\/script>\n<!-- \/ Yoast SEO plugin. -->","yoast_head_json":{"title":"Chocolate Real Para Postres - Semi Amargo -","robots":{"index":"index","follow":"follow","max-snippet":"max-snippet:-1","max-image-preview":"max-image-preview:large","max-video-preview":"max-video-preview:-1"},"canonical":"https:\/\/chocoguate.com\/en\/product\/chocolate-real-para-reposteria-alta-fluidez-65-cacao-1-libra\/","og_locale":"en_US","og_type":"article","og_title":"Chocolate Real Para Postres - Semi Amargo -","og_description":"Ingredientes: Cacao, azucar de ca\u00f1a, manteca de cacao, lecitina de soya, vainilla Para uso en: Pasteles Panader\u00eda Cl\u00e1sica Confiter\u00eda Cobertura [&hellip;]","og_url":"https:\/\/chocoguate.com\/en\/product\/chocolate-real-para-reposteria-alta-fluidez-65-cacao-1-libra\/","article_modified_time":"2025-08-30T13:08:19+00:00","og_image":[{"width":2533,"height":2847,"url":"https:\/\/chocoguate.com\/wp-content\/uploads\/2025\/05\/20250618_100240-rotated-e1750280630396.jpg","type":"image\/jpeg"}],"twitter_card":"summary_large_image","twitter_misc":{"Est. reading time":"1 minute"},"schema":{"@context":"https:\/\/schema.org","@graph":[{"@type":"WebPage","@id":"https:\/\/chocoguate.com\/producto\/chocolate-real-para-reposteria-alta-fluidez-65-cacao-1-libra\/","url":"https:\/\/chocoguate.com\/producto\/chocolate-real-para-reposteria-alta-fluidez-65-cacao-1-libra\/","name":"Chocolate Real Para Postres - Semi Amargo -","isPartOf":{"@id":"https:\/\/chocoguate.com\/#website"},"primaryImageOfPage":{"@id":"https:\/\/chocoguate.com\/producto\/chocolate-real-para-reposteria-alta-fluidez-65-cacao-1-libra\/#primaryimage"},"image":{"@id":"https:\/\/chocoguate.com\/producto\/chocolate-real-para-reposteria-alta-fluidez-65-cacao-1-libra\/#primaryimage"},"thumbnailUrl":"https:\/\/i0.wp.com\/chocoguate.com\/wp-content\/uploads\/2025\/05\/20250618_100240-rotated-e1750280630396.jpg?fit=2533%2C2847&ssl=1","datePublished":"2025-05-02T18:06:35+00:00","dateModified":"2025-08-30T13:08:19+00:00","breadcrumb":{"@id":"https:\/\/chocoguate.com\/producto\/chocolate-real-para-reposteria-alta-fluidez-65-cacao-1-libra\/#breadcrumb"},"inLanguage":"en-US","potentialAction":[{"@type":"ReadAction","target":["https:\/\/chocoguate.com\/producto\/chocolate-real-para-reposteria-alta-fluidez-65-cacao-1-libra\/"]}]},{"@type":"ImageObject","inLanguage":"en-US","@id":"https:\/\/chocoguate.com\/producto\/chocolate-real-para-reposteria-alta-fluidez-65-cacao-1-libra\/#primaryimage","url":"https:\/\/i0.wp.com\/chocoguate.com\/wp-content\/uploads\/2025\/05\/20250618_100240-rotated-e1750280630396.jpg?fit=2533%2C2847&ssl=1","contentUrl":"https:\/\/i0.wp.com\/chocoguate.com\/wp-content\/uploads\/2025\/05\/20250618_100240-rotated-e1750280630396.jpg?fit=2533%2C2847&ssl=1","width":2533,"height":2847},{"@type":"BreadcrumbList","@id":"https:\/\/chocoguate.com\/producto\/chocolate-real-para-reposteria-alta-fluidez-65-cacao-1-libra\/#breadcrumb","itemListElement":[{"@type":"ListItem","position":1,"name":"Portada","item":"https:\/\/chocoguate.com\/"},{"@type":"ListItem","position":2,"name":"Tienda","item":"https:\/\/chocoguate.com\/tienda\/"},{"@type":"ListItem","position":3,"name":"Chocolate Real Para Postres &#8211; Semi Amargo"}]},{"@type":"WebSite","@id":"https:\/\/chocoguate.com\/#website","url":"https:\/\/chocoguate.com\/","name":"ChocoGuate","description":"ChocoGuate","publisher":{"@id":"https:\/\/chocoguate.com\/#organization"},"alternateName":"ChocoGuate","potentialAction":[{"@type":"SearchAction","target":{"@type":"EntryPoint","urlTemplate":"https:\/\/chocoguate.com\/?s={search_term_string}"},"query-input":{"@type":"PropertyValueSpecification","valueRequired":true,"valueName":"search_term_string"}}],"inLanguage":"en-US"},{"@type":"Organization","@id":"https:\/\/chocoguate.com\/#organization","name":"ChocoGuate","url":"https:\/\/chocoguate.com\/","logo":{"@type":"ImageObject","inLanguage":"en-US","@id":"https:\/\/chocoguate.com\/#\/schema\/logo\/image\/","url":"https:\/\/chocoguate.com\/wp-content\/uploads\/2023\/07\/logo-chocoguate-2.jpg","contentUrl":"https:\/\/chocoguate.com\/wp-content\/uploads\/2023\/07\/logo-chocoguate-2.jpg","width":1713,"height":1535,"caption":"ChocoGuate"},"image":{"@id":"https:\/\/chocoguate.com\/#\/schema\/logo\/image\/"},"sameAs":["https:\/\/www.instagram.com\/chocoguate.gt\/"]}]}},"jetpack_publicize_connections":[],"jetpack_likes_enabled":true,"jetpack_sharing_enabled":true,"_links":{"self":[{"href":"https:\/\/chocoguate.com\/en\/wp-json\/wp\/v2\/product\/391","targetHints":{"allow":["GET"]}}],"collection":[{"href":"https:\/\/chocoguate.com\/en\/wp-json\/wp\/v2\/product"}],"about":[{"href":"https:\/\/chocoguate.com\/en\/wp-json\/wp\/v2\/types\/product"}],"wp:featuredmedia":[{"embeddable":true,"href":"https:\/\/chocoguate.com\/en\/wp-json\/wp\/v2\/media\/647"}],"wp:attachment":[{"href":"https:\/\/chocoguate.com\/en\/wp-json\/wp\/v2\/media?parent=391"}],"wp:term":[{"taxonomy":"product_brand","embeddable":true,"href":"https:\/\/chocoguate.com\/en\/wp-json\/wp\/v2\/product_brand?post=391"},{"taxonomy":"product_cat","embeddable":true,"href":"https:\/\/chocoguate.com\/en\/wp-json\/wp\/v2\/product_cat?post=391"},{"taxonomy":"product_tag","embeddable":true,"href":"https:\/\/chocoguate.com\/en\/wp-json\/wp\/v2\/product_tag?post=391"}],"curies":[{"name":"wp","href":"https:\/\/api.w.org\/{rel}","templated":true}]}}